{"id":29,"date":"2017-09-08T01:30:41","date_gmt":"2017-09-08T01:30:41","guid":{"rendered":"https:\/\/demos.inbutech.com\/icase\/?page_id=29"},"modified":"2017-09-08T04:09:59","modified_gmt":"2017-09-08T04:09:59","slug":"front-page","status":"publish","type":"page","link":"https:\/\/demos.inbutech.com\/icase\/front-page\/","title":{"rendered":"Front Page"},"content":{"rendered":"<h1 class=\"font_8\" style=\"text-align: center;\">Bienvenidos a <span style=\"color: #ff6600;\">ICASE<\/span><\/h1>\n<h2 class=\"font_8\" style=\"text-align: center;\"><span style=\"color: #ff6600;\">Maquinaria Gastronomica<\/span><\/h2>\n<p class=\"font_8\"><div class=\"tx-divider clearfix\" style=\"margin-top: 24px;margin-bottom: 24px\"><\/div>\n<p class=\"font_8\">En este sitio encontrar\u00e1s las respuestas a tus necesidades de mantenimiento para productos gastron\u00f3micos, asi como insumos para la producci\u00f3n de los mismos. ICASE es una empresa familiar dedicada a ofrecer la m\u00e1s amplia variedad de maquinarias para la conservaci\u00f3n de alimentos en fr\u00edo, mantenci\u00f3n de calor y elegantes presentaciones de productos gastron\u00f3micos adaptables a todo tipo de espacio y lugar.<\/p>\n<p class=\"font_8\">Icase se preocupa de ofrecer excelencia y calidad, adem\u00e1s de los mejores precios del mercado. Cotiza con nosotros y revisa nuestro amplio cat\u00e1logo.<\/p>\n<div class=\"tx-divider clearfix\" style=\"margin-top: 24px;margin-bottom: 24px\"><\/div>\n<p>Somos Especialistas en Maquinaria Industrial<div class=\"tx-divider clearfix\" style=\"margin-top: 24px;margin-bottom: 24px\"><\/div>\n<div class=\"tx-prod-carousel\" data-columns=\"4\"><div class=\"woocommerce columns-4\"><ul class=\"products columns-4\">\n<li class=\"product-category product first\">\n\t<a aria-label=\"Visitar la categor\u00eda de producto Accesorios\" href=\"https:\/\/demos.inbutech.com\/icase\/categoria-producto\/accesorios\/\"><img loading=\"lazy\" decoding=\"async\" src=\"https:\/\/demos.inbutech.com\/icase\/wp-content\/uploads\/2017\/09\/01-accesorios.jpg\" alt=\"Accesorios\" width=\"300\" height=\"300\" \/>\t\t<h2 class=\"woocommerce-loop-category__title\">\n\t\t\tAccesorios <mark class=\"count\">(1)<\/mark>\t\t<\/h2>\n\t\t<\/a><\/li>\n<li class=\"product-category product\">\n\t<a aria-label=\"Visitar la categor\u00eda de producto Frio\" href=\"https:\/\/demos.inbutech.com\/icase\/categoria-producto\/frio\/\"><img loading=\"lazy\" decoding=\"async\" src=\"https:\/\/demos.inbutech.com\/icase\/wp-content\/uploads\/2017\/09\/linea-frio.jpg\" alt=\"Frio\" width=\"300\" height=\"300\" \/>\t\t<h2 class=\"woocommerce-loop-category__title\">\n\t\t\tFrio <mark class=\"count\">(2)<\/mark>\t\t<\/h2>\n\t\t<\/a><\/li>\n<li class=\"product-category product\">\n\t<a aria-label=\"Visitar la categor\u00eda de producto Gastronomia\" href=\"https:\/\/demos.inbutech.com\/icase\/categoria-producto\/gastronomia\/\"><img loading=\"lazy\" decoding=\"async\" src=\"https:\/\/demos.inbutech.com\/icase\/wp-content\/uploads\/2017\/09\/01-gastronomnia-1.jpg\" alt=\"Gastronomia\" width=\"300\" height=\"300\" \/>\t\t<h2 class=\"woocommerce-loop-category__title\">\n\t\t\tGastronomia <mark class=\"count\">(1)<\/mark>\t\t<\/h2>\n\t\t<\/a><\/li>\n<li class=\"product-category product last\">\n\t<a aria-label=\"Visitar la categor\u00eda de producto Panader\u00eda\" href=\"https:\/\/demos.inbutech.com\/icase\/categoria-producto\/panaderia\/\"><img loading=\"lazy\" decoding=\"async\" src=\"https:\/\/demos.inbutech.com\/icase\/wp-content\/uploads\/2017\/09\/01-panaderia-1.jpg\" alt=\"Panader\u00eda\" width=\"300\" height=\"300\" \/>\t\t<h2 class=\"woocommerce-loop-category__title\">\n\t\t\tPanader\u00eda <mark class=\"count\">(2)<\/mark>\t\t<\/h2>\n\t\t<\/a><\/li>\n<\/ul>\n<\/div><\/div>\n<p>&nbsp;<\/p>\n<p>Productos Destacados: <div class=\"tx-divider clearfix\" style=\"margin-top: 24px;margin-bottom: 24px\"><\/div>\n<div class=\"tx-prod-carousel\" data-columns=\"4\"><div class=\"woocommerce columns-4 \"><ul class=\"products columns-4\">\n<li class=\"product type-product post-92 status-publish first instock product_cat-frio has-post-thumbnail shipping-taxable product-type-grouped\">\n\t<a href=\"https:\/\/demos.inbutech.com\/icase\/tienda\/frio\/fabricadora-de-hielo-50kg\/\" class=\"woocommerce-LoopProduct-link woocommerce-loop-product__link\"><img loading=\"lazy\" decoding=\"async\" width=\"300\" height=\"300\" src=\"https:\/\/demos.inbutech.com\/icase\/wp-content\/uploads\/2017\/09\/fabricadora-hielo-26kg-300x300.png\" class=\"attachment-woocommerce_thumbnail size-woocommerce_thumbnail\" alt=\"Fabricadora de Hielo 50Kg\" srcset=\"https:\/\/demos.inbutech.com\/icase\/wp-content\/uploads\/2017\/09\/fabricadora-hielo-26kg-300x300.png 300w, https:\/\/demos.inbutech.com\/icase\/wp-content\/uploads\/2017\/09\/fabricadora-hielo-26kg-150x150.png 150w, https:\/\/demos.inbutech.com\/icase\/wp-content\/uploads\/2017\/09\/fabricadora-hielo-26kg-180x180.png 180w\" sizes=\"auto, (max-width: 300px) 100vw, 300px\" \/><h2 class=\"woocommerce-loop-product__title\">Fabricadora de Hielo 50Kg<\/h2>\n<\/a><a href=\"#\" class=\"button yith-wcqv-button\" data-product_id=\"92\">Quick View<\/a>  \n\t\t\t<div class=\"add-to-wishlist-custom add-to-wishlist-92\">\n\t\t\t\t<div class=\"yith-wcwl-add-button show\" style=\"display:block\" data-toggle=\"tooltip\" data-placement=\"top\" title=\"Add to Wishlist\"> <a href=\"\/icase\/wp-json\/wp\/v2\/pages\/29?add_to_wishlist=92\" rel=\"nofollow\" data-product-id=\"92\" data-product-type=\"simple\" class=\"add_to_wishlist\"><\/a><img loading=\"lazy\" decoding=\"async\" src=\"https:\/\/demos.inbutech.com\/icase\/wp-content\/themes\/alpha-store\/img\/loading.gif\" class=\"ajax-loading\" alt=\"loading\" width=\"16\" height=\"16\"><\/div>\n\t\t\t\t<div class=\"yith-wcwl-wishlistaddedbrowse hide\" style=\"display:none;\"> <span class=\"feedback\">Added!<\/span> <a href=\"https:\/\/demos.inbutech.com\/icase\/lista-de-deseos\/\">View Wishlist<\/a><\/div>\n\t\t\t\t<div class=\"yith-wcwl-wishlistexistsbrowse hide\" style=\"display:none\"> <span class=\"feedback\">The product is already in the wishlist!<\/span> <a href=\"https:\/\/demos.inbutech.com\/icase\/lista-de-deseos\/\">Browse Wishlist<\/a><\/div>\n\t\t\t\t<div class=\"clear\"><\/div>\n\t\t\t\t<div class=\"yith-wcwl-wishlistaddresponse\"><\/div>\n\t\t\t<\/div>\n\t\t\t<\/li>\n<li class=\"product type-product post-80 status-publish instock product_cat-gastronomia product_cat-panaderia has-post-thumbnail featured shipping-taxable product-type-grouped\">\n\t<a href=\"https:\/\/demos.inbutech.com\/icase\/tienda\/gastronomia\/amasadora-12-kg\/\" class=\"woocommerce-LoopProduct-link woocommerce-loop-product__link\"><img loading=\"lazy\" decoding=\"async\" width=\"255\" height=\"300\" src=\"https:\/\/demos.inbutech.com\/icase\/wp-content\/uploads\/2017\/09\/amasadora.png\" class=\"attachment-woocommerce_thumbnail size-woocommerce_thumbnail\" alt=\"Amasadora 12 Kg.\" srcset=\"https:\/\/demos.inbutech.com\/icase\/wp-content\/uploads\/2017\/09\/amasadora.png 298w, https:\/\/demos.inbutech.com\/icase\/wp-content\/uploads\/2017\/09\/amasadora-255x300.png 255w\" sizes=\"auto, (max-width: 255px) 100vw, 255px\" \/><h2 class=\"woocommerce-loop-product__title\">Amasadora 12 Kg.<\/h2>\n<\/a><a href=\"#\" class=\"button yith-wcqv-button\" data-product_id=\"80\">Quick View<\/a>  \n\t\t\t<div class=\"add-to-wishlist-custom add-to-wishlist-80\">\n\t\t\t\t<div class=\"yith-wcwl-add-button show\" style=\"display:block\" data-toggle=\"tooltip\" data-placement=\"top\" title=\"Add to Wishlist\"> <a href=\"\/icase\/wp-json\/wp\/v2\/pages\/29?add_to_wishlist=80\" rel=\"nofollow\" data-product-id=\"80\" data-product-type=\"simple\" class=\"add_to_wishlist\"><\/a><img loading=\"lazy\" decoding=\"async\" src=\"https:\/\/demos.inbutech.com\/icase\/wp-content\/themes\/alpha-store\/img\/loading.gif\" class=\"ajax-loading\" alt=\"loading\" width=\"16\" height=\"16\"><\/div>\n\t\t\t\t<div class=\"yith-wcwl-wishlistaddedbrowse hide\" style=\"display:none;\"> <span class=\"feedback\">Added!<\/span> <a href=\"https:\/\/demos.inbutech.com\/icase\/lista-de-deseos\/\">View Wishlist<\/a><\/div>\n\t\t\t\t<div class=\"yith-wcwl-wishlistexistsbrowse hide\" style=\"display:none\"> <span class=\"feedback\">The product is already in the wishlist!<\/span> <a href=\"https:\/\/demos.inbutech.com\/icase\/lista-de-deseos\/\">Browse Wishlist<\/a><\/div>\n\t\t\t\t<div class=\"clear\"><\/div>\n\t\t\t\t<div class=\"yith-wcwl-wishlistaddresponse\"><\/div>\n\t\t\t<\/div>\n\t\t\t<\/li>\n<li class=\"product type-product post-79 status-publish instock product_cat-accesorios has-post-thumbnail featured shipping-taxable product-type-grouped\">\n\t<a href=\"https:\/\/demos.inbutech.com\/icase\/tienda\/accesorios\/amasadora-22-kg\/\" class=\"woocommerce-LoopProduct-link woocommerce-loop-product__link\"><img loading=\"lazy\" decoding=\"async\" width=\"255\" height=\"300\" src=\"https:\/\/demos.inbutech.com\/icase\/wp-content\/uploads\/2017\/09\/amasadora.png\" class=\"attachment-woocommerce_thumbnail size-woocommerce_thumbnail\" alt=\"Amasadora 22 Kg.\" srcset=\"https:\/\/demos.inbutech.com\/icase\/wp-content\/uploads\/2017\/09\/amasadora.png 298w, https:\/\/demos.inbutech.com\/icase\/wp-content\/uploads\/2017\/09\/amasadora-255x300.png 255w\" sizes=\"auto, (max-width: 255px) 100vw, 255px\" \/><h2 class=\"woocommerce-loop-product__title\">Amasadora 22 Kg.<\/h2>\n<\/a><a href=\"#\" class=\"button yith-wcqv-button\" data-product_id=\"79\">Quick View<\/a>  \n\t\t\t<div class=\"add-to-wishlist-custom add-to-wishlist-79\">\n\t\t\t\t<div class=\"yith-wcwl-add-button show\" style=\"display:block\" data-toggle=\"tooltip\" data-placement=\"top\" title=\"Add to Wishlist\"> <a href=\"\/icase\/wp-json\/wp\/v2\/pages\/29?add_to_wishlist=79\" rel=\"nofollow\" data-product-id=\"79\" data-product-type=\"simple\" class=\"add_to_wishlist\"><\/a><img loading=\"lazy\" decoding=\"async\" src=\"https:\/\/demos.inbutech.com\/icase\/wp-content\/themes\/alpha-store\/img\/loading.gif\" class=\"ajax-loading\" alt=\"loading\" width=\"16\" height=\"16\"><\/div>\n\t\t\t\t<div class=\"yith-wcwl-wishlistaddedbrowse hide\" style=\"display:none;\"> <span class=\"feedback\">Added!<\/span> <a href=\"https:\/\/demos.inbutech.com\/icase\/lista-de-deseos\/\">View Wishlist<\/a><\/div>\n\t\t\t\t<div class=\"yith-wcwl-wishlistexistsbrowse hide\" style=\"display:none\"> <span class=\"feedback\">The product is already in the wishlist!<\/span> <a href=\"https:\/\/demos.inbutech.com\/icase\/lista-de-deseos\/\">Browse Wishlist<\/a><\/div>\n\t\t\t\t<div class=\"clear\"><\/div>\n\t\t\t\t<div class=\"yith-wcwl-wishlistaddresponse\"><\/div>\n\t\t\t<\/div>\n\t\t\t<\/li>\n<li class=\"product type-product post-63 status-publish last instock product_cat-frio has-post-thumbnail shipping-taxable product-type-grouped\">\n\t<a href=\"https:\/\/demos.inbutech.com\/icase\/tienda\/frio\/fabricadora-de-hielo-26kg\/\" class=\"woocommerce-LoopProduct-link woocommerce-loop-product__link\"><img loading=\"lazy\" decoding=\"async\" width=\"300\" height=\"300\" src=\"https:\/\/demos.inbutech.com\/icase\/wp-content\/uploads\/2017\/09\/fabricadora-hielo-26kg-300x300.png\" class=\"attachment-woocommerce_thumbnail size-woocommerce_thumbnail\" alt=\"Fabricadora de Hielo 26KG\" srcset=\"https:\/\/demos.inbutech.com\/icase\/wp-content\/uploads\/2017\/09\/fabricadora-hielo-26kg-300x300.png 300w, https:\/\/demos.inbutech.com\/icase\/wp-content\/uploads\/2017\/09\/fabricadora-hielo-26kg-150x150.png 150w, https:\/\/demos.inbutech.com\/icase\/wp-content\/uploads\/2017\/09\/fabricadora-hielo-26kg-180x180.png 180w\" sizes=\"auto, (max-width: 300px) 100vw, 300px\" \/><h2 class=\"woocommerce-loop-product__title\">Fabricadora de Hielo 26KG<\/h2>\n<\/a><a href=\"#\" class=\"button yith-wcqv-button\" data-product_id=\"63\">Quick View<\/a>  \n\t\t\t<div class=\"add-to-wishlist-custom add-to-wishlist-63\">\n\t\t\t\t<div class=\"yith-wcwl-add-button show\" style=\"display:block\" data-toggle=\"tooltip\" data-placement=\"top\" title=\"Add to Wishlist\"> <a href=\"\/icase\/wp-json\/wp\/v2\/pages\/29?add_to_wishlist=63\" rel=\"nofollow\" data-product-id=\"63\" data-product-type=\"simple\" class=\"add_to_wishlist\"><\/a><img loading=\"lazy\" decoding=\"async\" src=\"https:\/\/demos.inbutech.com\/icase\/wp-content\/themes\/alpha-store\/img\/loading.gif\" class=\"ajax-loading\" alt=\"loading\" width=\"16\" height=\"16\"><\/div>\n\t\t\t\t<div class=\"yith-wcwl-wishlistaddedbrowse hide\" style=\"display:none;\"> <span class=\"feedback\">Added!<\/span> <a href=\"https:\/\/demos.inbutech.com\/icase\/lista-de-deseos\/\">View Wishlist<\/a><\/div>\n\t\t\t\t<div class=\"yith-wcwl-wishlistexistsbrowse hide\" style=\"display:none\"> <span class=\"feedback\">The product is already in the wishlist!<\/span> <a href=\"https:\/\/demos.inbutech.com\/icase\/lista-de-deseos\/\">Browse Wishlist<\/a><\/div>\n\t\t\t\t<div class=\"clear\"><\/div>\n\t\t\t\t<div class=\"yith-wcwl-wishlistaddresponse\"><\/div>\n\t\t\t<\/div>\n\t\t\t<\/li>\n<li class=\"product type-product post-8 status-publish first instock product_cat-panaderia has-post-thumbnail featured shipping-taxable product-type-grouped\">\n\t<a href=\"https:\/\/demos.inbutech.com\/icase\/tienda\/panaderia\/amasadora-8-kg\/\" class=\"woocommerce-LoopProduct-link woocommerce-loop-product__link\"><img loading=\"lazy\" decoding=\"async\" width=\"255\" height=\"300\" src=\"https:\/\/demos.inbutech.com\/icase\/wp-content\/uploads\/2017\/09\/amasadora.png\" class=\"attachment-woocommerce_thumbnail size-woocommerce_thumbnail\" alt=\"Amasadora 8 Kg.\" srcset=\"https:\/\/demos.inbutech.com\/icase\/wp-content\/uploads\/2017\/09\/amasadora.png 298w, https:\/\/demos.inbutech.com\/icase\/wp-content\/uploads\/2017\/09\/amasadora-255x300.png 255w\" sizes=\"auto, (max-width: 255px) 100vw, 255px\" \/><h2 class=\"woocommerce-loop-product__title\">Amasadora 8 Kg.<\/h2>\n<\/a><a href=\"#\" class=\"button yith-wcqv-button\" data-product_id=\"8\">Quick View<\/a>  \n\t\t\t<div class=\"add-to-wishlist-custom add-to-wishlist-8\">\n\t\t\t\t<div class=\"yith-wcwl-add-button show\" style=\"display:block\" data-toggle=\"tooltip\" data-placement=\"top\" title=\"Add to Wishlist\"> <a href=\"\/icase\/wp-json\/wp\/v2\/pages\/29?add_to_wishlist=8\" rel=\"nofollow\" data-product-id=\"8\" data-product-type=\"simple\" class=\"add_to_wishlist\"><\/a><img loading=\"lazy\" decoding=\"async\" src=\"https:\/\/demos.inbutech.com\/icase\/wp-content\/themes\/alpha-store\/img\/loading.gif\" class=\"ajax-loading\" alt=\"loading\" width=\"16\" height=\"16\"><\/div>\n\t\t\t\t<div class=\"yith-wcwl-wishlistaddedbrowse hide\" style=\"display:none;\"> <span class=\"feedback\">Added!<\/span> <a href=\"https:\/\/demos.inbutech.com\/icase\/lista-de-deseos\/\">View Wishlist<\/a><\/div>\n\t\t\t\t<div class=\"yith-wcwl-wishlistexistsbrowse hide\" style=\"display:none\"> <span class=\"feedback\">The product is already in the wishlist!<\/span> <a href=\"https:\/\/demos.inbutech.com\/icase\/lista-de-deseos\/\">Browse Wishlist<\/a><\/div>\n\t\t\t\t<div class=\"clear\"><\/div>\n\t\t\t\t<div class=\"yith-wcwl-wishlistaddresponse\"><\/div>\n\t\t\t<\/div>\n\t\t\t<\/li>\n<\/ul>\n<\/div><\/div>\n","protected":false},"excerpt":{"rendered":"<p>Bienvenidos a ICASE Maquinaria Gastronomica En este sitio encontrar\u00e1s las respuestas a tus necesidades de mantenimiento para productos gastron\u00f3micos, asi como insumos para la producci\u00f3n&hellip;<\/p>\n","protected":false},"author":1,"featured_media":0,"parent":0,"menu_order":0,"comment_status":"closed","ping_status":"closed","template":"","meta":{"footnotes":""},"class_list":["post-29","page","type-page","status-publish","hentry"],"_links":{"self":[{"href":"https:\/\/demos.inbutech.com\/icase\/wp-json\/wp\/v2\/pages\/29","targetHints":{"allow":["GET"]}}],"collection":[{"href":"https:\/\/demos.inbutech.com\/icase\/wp-json\/wp\/v2\/pages"}],"about":[{"href":"https:\/\/demos.inbutech.com\/icase\/wp-json\/wp\/v2\/types\/page"}],"author":[{"embeddable":true,"href":"https:\/\/demos.inbutech.com\/icase\/wp-json\/wp\/v2\/users\/1"}],"replies":[{"embeddable":true,"href":"https:\/\/demos.inbutech.com\/icase\/wp-json\/wp\/v2\/comments?post=29"}],"version-history":[{"count":9,"href":"https:\/\/demos.inbutech.com\/icase\/wp-json\/wp\/v2\/pages\/29\/revisions"}],"predecessor-version":[{"id":67,"href":"https:\/\/demos.inbutech.com\/icase\/wp-json\/wp\/v2\/pages\/29\/revisions\/67"}],"wp:attachment":[{"href":"https:\/\/demos.inbutech.com\/icase\/wp-json\/wp\/v2\/media?parent=29"}],"curies":[{"name":"wp","href":"https:\/\/api.w.org\/{rel}","templated":true}]}}