{"id":713,"date":"2018-08-08T17:20:35","date_gmt":"2018-08-08T17:20:35","guid":{"rendered":"https:\/\/www.hgourmet.cl\/hg\/?post_type=product&#038;p=713"},"modified":"2018-12-26T17:59:52","modified_gmt":"2018-12-26T17:59:52","slug":"building-muscle","status":"publish","type":"product","link":"https:\/\/demos.inbutech.com\/hg\/producto\/building-muscle\/","title":{"rendered":"Building Muscle"},"content":{"rendered":"<p>Orientado a personas que realizan un entrenamiento f\u00edsico intenso de al menos 3 veces por semana y cuyo objetivo est\u00e1 focalizado al incremento de masa muscular y el aumento de fuerza. Est\u00e1 conformada por 5 a 6 platos diarios con un alto consumo de prote\u00edna magras y carbohidratos complejos que aportar\u00e1n la energ\u00eda necesaria para rendir de la mejor forma en los exigentes entrenamientos que se requieren para aumentar esos kilitos de puro musculo que necesitas. Nuestros men\u00fas constan de productos alimenticios que ayudan a mejorar el desarrollo muscular adecuado y adem\u00e1s desarrollaremos una variedad de platos para s\u00ed poder dar distinta matices a la alimentaci\u00f3n.<\/p>\n","protected":false},"excerpt":{"rendered":"<p>Orientado a personas que realizan un entrenamiento f\u00edsico intenso de al menos 3 veces por semana y cuyo objetivo est\u00e1 focalizado al incremento de masa muscular y el aumento de fuerza.<\/p>\n","protected":false},"featured_media":121,"comment_status":"open","ping_status":"closed","template":"","meta":[],"product_brand":[],"product_cat":[115],"product_tag":[88],"class_list":{"0":"post-713","1":"product","2":"type-product","3":"status-publish","4":"has-post-thumbnail","6":"product_cat-planes","7":"product_tag-carbohidratos","8":"post","10":"first","11":"instock","12":"featured","13":"sold-individually","14":"shipping-taxable","15":"purchasable","16":"product-type-simple"},"_links":{"self":[{"href":"https:\/\/demos.inbutech.com\/hg\/wp-json\/wp\/v2\/product\/713","targetHints":{"allow":["GET"]}}],"collection":[{"href":"https:\/\/demos.inbutech.com\/hg\/wp-json\/wp\/v2\/product"}],"about":[{"href":"https:\/\/demos.inbutech.com\/hg\/wp-json\/wp\/v2\/types\/product"}],"replies":[{"embeddable":true,"href":"https:\/\/demos.inbutech.com\/hg\/wp-json\/wp\/v2\/comments?post=713"}],"wp:featuredmedia":[{"embeddable":true,"href":"https:\/\/demos.inbutech.com\/hg\/wp-json\/wp\/v2\/media\/121"}],"wp:attachment":[{"href":"https:\/\/demos.inbutech.com\/hg\/wp-json\/wp\/v2\/media?parent=713"}],"wp:term":[{"taxonomy":"product_brand","embeddable":true,"href":"https:\/\/demos.inbutech.com\/hg\/wp-json\/wp\/v2\/product_brand?post=713"},{"taxonomy":"product_cat","embeddable":true,"href":"https:\/\/demos.inbutech.com\/hg\/wp-json\/wp\/v2\/product_cat?post=713"},{"taxonomy":"product_tag","embeddable":true,"href":"https:\/\/demos.inbutech.com\/hg\/wp-json\/wp\/v2\/product_tag?post=713"}],"curies":[{"name":"wp","href":"https:\/\/api.w.org\/{rel}","templated":true}]}}