{"id":699,"date":"2018-08-08T17:08:18","date_gmt":"2018-08-08T17:08:18","guid":{"rendered":"https:\/\/www.hgourmet.cl\/hg\/?post_type=product&amp;p=699"},"modified":"2018-08-08T17:08:18","modified_gmt":"2018-08-08T17:08:18","slug":"vegan","status":"publish","type":"product","link":"https:\/\/demos.inbutech.com\/hg\/producto\/vegan\/","title":{"rendered":"Vegan"},"content":{"rendered":"<p>Nuestra gama de cocina vegana se basa en creaciones de platos congruente a la necesidad de buena alimentaci\u00f3n, ya que se reemplaza  la prote\u00edna animal con varias prote\u00ednas vegetales que se encuentra en la variedad y el sabor de cada elemento adquirido para un mejor resultado. Dentro de este tipo de prote\u00ednas se consideran en base a champi\u00f1ones, legumbres, zapallo, frutos secos, entre otros.<\/p>\n","protected":false},"excerpt":{"rendered":"<p>Nuestra gama de cocina vegana se basa en creaciones de platos congruente a la necesidad de buena alimentaci\u00f3n, ya que se reemplaza la prote\u00edna animal con varias prote\u00ednas vegetales que se encuentra en la variedad y el sabor de cada elemento adquirido para un mejor resultado.<\/p>\n","protected":false},"featured_media":122,"comment_status":"open","ping_status":"closed","template":"","meta":[],"product_brand":[],"product_cat":[115],"product_tag":[89,110],"class_list":{"0":"post-699","1":"product","2":"type-product","3":"status-publish","4":"has-post-thumbnail","6":"product_cat-planes","7":"product_tag-comida-vegana","8":"product_tag-saludable","9":"post","11":"first","12":"instock","13":"sold-individually","14":"shipping-taxable","15":"purchasable","16":"product-type-simple"},"_links":{"self":[{"href":"https:\/\/demos.inbutech.com\/hg\/wp-json\/wp\/v2\/product\/699","targetHints":{"allow":["GET"]}}],"collection":[{"href":"https:\/\/demos.inbutech.com\/hg\/wp-json\/wp\/v2\/product"}],"about":[{"href":"https:\/\/demos.inbutech.com\/hg\/wp-json\/wp\/v2\/types\/product"}],"replies":[{"embeddable":true,"href":"https:\/\/demos.inbutech.com\/hg\/wp-json\/wp\/v2\/comments?post=699"}],"wp:featuredmedia":[{"embeddable":true,"href":"https:\/\/demos.inbutech.com\/hg\/wp-json\/wp\/v2\/media\/122"}],"wp:attachment":[{"href":"https:\/\/demos.inbutech.com\/hg\/wp-json\/wp\/v2\/media?parent=699"}],"wp:term":[{"taxonomy":"product_brand","embeddable":true,"href":"https:\/\/demos.inbutech.com\/hg\/wp-json\/wp\/v2\/product_brand?post=699"},{"taxonomy":"product_cat","embeddable":true,"href":"https:\/\/demos.inbutech.com\/hg\/wp-json\/wp\/v2\/product_cat?post=699"},{"taxonomy":"product_tag","embeddable":true,"href":"https:\/\/demos.inbutech.com\/hg\/wp-json\/wp\/v2\/product_tag?post=699"}],"curies":[{"name":"wp","href":"https:\/\/api.w.org\/{rel}","templated":true}]}}