{"id":678,"date":"2018-08-08T17:07:19","date_gmt":"2018-08-08T17:07:19","guid":{"rendered":"https:\/\/www.hgourmet.cl\/hg\/?post_type=product&amp;p=678"},"modified":"2018-08-08T17:07:19","modified_gmt":"2018-08-08T17:07:19","slug":"lose-fat","status":"publish","type":"product","link":"https:\/\/demos.inbutech.com\/hg\/producto\/lose-fat\/","title":{"rendered":"Lose Fat"},"content":{"rendered":"<p>Este plan est\u00e1 orientado a personas que no necesariamente realizan actividad f\u00edsica o para aquellos que se ejercitan m\u00e1ximo 1 o 2 veces por semana, tambi\u00e9n es un plan ideal para personas que llevan una vida m\u00e1s sedentaria pero quisieran generar un cambio en su alimentaci\u00f3n diaria. Este plan est\u00e1 compuesto por una reorganizaci\u00f3n de los alimentos, reemplazando los carbohidratos simples por verduras y fibras, adem\u00e1s de un buen uso de la prote\u00edna.<br \/>\nEs la alternativa perfecta para empezar a cambiar tu vida. <\/p>\n","protected":false},"excerpt":{"rendered":"<p>Orientado a personas que no necesariamente realizan actividad f\u00edsica o para aquellos que se ejercitan m\u00e1ximo 1 o 2 veces por semana, tambi\u00e9n es un plan ideal para personas que llevan una vida m\u00e1s sedentaria pero quisieran generar un cambio en su alimentaci\u00f3n diaria.<\/p>\n","protected":false},"featured_media":119,"comment_status":"open","ping_status":"closed","template":"","meta":[],"product_brand":[],"product_cat":[115],"product_tag":[110],"class_list":{"0":"post-678","1":"product","2":"type-product","3":"status-publish","4":"has-post-thumbnail","6":"product_cat-planes","7":"product_tag-saludable","8":"post","10":"first","11":"instock","12":"shipping-taxable","13":"purchasable","14":"product-type-simple"},"_links":{"self":[{"href":"https:\/\/demos.inbutech.com\/hg\/wp-json\/wp\/v2\/product\/678","targetHints":{"allow":["GET"]}}],"collection":[{"href":"https:\/\/demos.inbutech.com\/hg\/wp-json\/wp\/v2\/product"}],"about":[{"href":"https:\/\/demos.inbutech.com\/hg\/wp-json\/wp\/v2\/types\/product"}],"replies":[{"embeddable":true,"href":"https:\/\/demos.inbutech.com\/hg\/wp-json\/wp\/v2\/comments?post=678"}],"wp:featuredmedia":[{"embeddable":true,"href":"https:\/\/demos.inbutech.com\/hg\/wp-json\/wp\/v2\/media\/119"}],"wp:attachment":[{"href":"https:\/\/demos.inbutech.com\/hg\/wp-json\/wp\/v2\/media?parent=678"}],"wp:term":[{"taxonomy":"product_brand","embeddable":true,"href":"https:\/\/demos.inbutech.com\/hg\/wp-json\/wp\/v2\/product_brand?post=678"},{"taxonomy":"product_cat","embeddable":true,"href":"https:\/\/demos.inbutech.com\/hg\/wp-json\/wp\/v2\/product_cat?post=678"},{"taxonomy":"product_tag","embeddable":true,"href":"https:\/\/demos.inbutech.com\/hg\/wp-json\/wp\/v2\/product_tag?post=678"}],"curies":[{"name":"wp","href":"https:\/\/api.w.org\/{rel}","templated":true}]}}