{"id":657,"date":"2018-08-08T17:00:46","date_gmt":"2018-08-08T17:00:46","guid":{"rendered":"https:\/\/www.hgourmet.cl\/hg\/?post_type=product&amp;p=657"},"modified":"2018-08-08T17:00:46","modified_gmt":"2018-08-08T17:00:46","slug":"tone-up","status":"publish","type":"product","link":"https:\/\/demos.inbutech.com\/hg\/producto\/tone-up\/","title":{"rendered":"Tone Up"},"content":{"rendered":"<p>Orientado a personas que realizan una actividad f\u00edsica intensa de al menos 3 veces por semana y cuyo objetivo del entrenamiento es la reducci\u00f3n del porcentaje de grasa, la tonificaci\u00f3n muscular y\/o una mejor resistencia cardiovascular. Este Plan es libre de l\u00edpidos y elementos que no favorezcan al crecimiento corporal de masa. Alto en vegetales y bajo en carbohidratos simples, que ayudan lograr ricos platos en variedad de sabores y colores. Plan enfocado en la baja ingesta de az\u00facares, grasas y sodio<br \/>\nSi quieres optimizar tu rendimiento en cada entrenamiento, este es el plan ideal. Recomendado para deportistas de alto rendimiento, runners, personas que practican crossfit, deportes outdoor, etc.<\/p>\n","protected":false},"excerpt":{"rendered":"<p>Orientado a personas que realizan una actividad f\u00edsica intensa de al menos 3 veces por semana y cuyo objetivo del entrenamiento es la reducci\u00f3n del porcentaje de grasa, la tonificaci\u00f3n muscular y\/o una mejor resistencia cardiovascular.<\/p>\n","protected":false},"featured_media":123,"comment_status":"closed","ping_status":"closed","template":"","meta":[],"product_brand":[],"product_cat":[115],"product_tag":[],"class_list":{"0":"post-657","1":"product","2":"type-product","3":"status-publish","4":"has-post-thumbnail","6":"product_cat-planes","7":"post","9":"first","10":"instock","11":"shipping-taxable","12":"purchasable","13":"product-type-simple"},"_links":{"self":[{"href":"https:\/\/demos.inbutech.com\/hg\/wp-json\/wp\/v2\/product\/657","targetHints":{"allow":["GET"]}}],"collection":[{"href":"https:\/\/demos.inbutech.com\/hg\/wp-json\/wp\/v2\/product"}],"about":[{"href":"https:\/\/demos.inbutech.com\/hg\/wp-json\/wp\/v2\/types\/product"}],"replies":[{"embeddable":true,"href":"https:\/\/demos.inbutech.com\/hg\/wp-json\/wp\/v2\/comments?post=657"}],"wp:featuredmedia":[{"embeddable":true,"href":"https:\/\/demos.inbutech.com\/hg\/wp-json\/wp\/v2\/media\/123"}],"wp:attachment":[{"href":"https:\/\/demos.inbutech.com\/hg\/wp-json\/wp\/v2\/media?parent=657"}],"wp:term":[{"taxonomy":"product_brand","embeddable":true,"href":"https:\/\/demos.inbutech.com\/hg\/wp-json\/wp\/v2\/product_brand?post=657"},{"taxonomy":"product_cat","embeddable":true,"href":"https:\/\/demos.inbutech.com\/hg\/wp-json\/wp\/v2\/product_cat?post=657"},{"taxonomy":"product_tag","embeddable":true,"href":"https:\/\/demos.inbutech.com\/hg\/wp-json\/wp\/v2\/product_tag?post=657"}],"curies":[{"name":"wp","href":"https:\/\/api.w.org\/{rel}","templated":true}]}}