{"id":620,"date":"2018-08-08T03:06:13","date_gmt":"2018-08-08T03:06:13","guid":{"rendered":"http:\/\/www.hgourmet.cl\/hg\/?post_type=product&amp;p=620"},"modified":"2018-08-08T03:06:13","modified_gmt":"2018-08-08T03:06:13","slug":"vegetarian","status":"publish","type":"product","link":"https:\/\/demos.inbutech.com\/hg\/producto\/vegetarian\/","title":{"rendered":"Vegetarian"},"content":{"rendered":"<p>Este plan est\u00e1 orientado a personas que no consumen prote\u00ednas de origen animal y que no necesariamente realizan una actividad f\u00edsica. Este tiene la facultad de buscar equilibrio y sobre todo ser muy estricto en la materia, ya que este tipo de alimentaci\u00f3n es caracterizada por un consumidor muy estudioso, por lo que su exigencia es nuestro compromiso.<br \/>\nLas Prote\u00ednas que se incorporan en este plan son en base a legumbres, champi\u00f1ones, zapallo italiano, Zapallo Normal, almendras, entre otros. Adem\u00e1s este men\u00fa ofrece la alternativa de incluir pescados en sus preparaciones.<\/p>\n","protected":false},"excerpt":{"rendered":"<p>Este plan est\u00e1 orientado a personas que no consumen prote\u00ednas de origen animal y que no necesariamente realizan una actividad f\u00edsica.<\/p>\n","protected":false},"featured_media":120,"comment_status":"closed","ping_status":"closed","template":"","meta":[],"product_brand":[],"product_cat":[115],"product_tag":[110,113],"class_list":{"0":"post-620","1":"product","2":"type-product","3":"status-publish","4":"has-post-thumbnail","6":"product_cat-planes","7":"product_tag-saludable","8":"product_tag-vegetariano","9":"post","11":"first","12":"instock","13":"sold-individually","14":"shipping-taxable","15":"purchasable","16":"product-type-simple"},"_links":{"self":[{"href":"https:\/\/demos.inbutech.com\/hg\/wp-json\/wp\/v2\/product\/620","targetHints":{"allow":["GET"]}}],"collection":[{"href":"https:\/\/demos.inbutech.com\/hg\/wp-json\/wp\/v2\/product"}],"about":[{"href":"https:\/\/demos.inbutech.com\/hg\/wp-json\/wp\/v2\/types\/product"}],"replies":[{"embeddable":true,"href":"https:\/\/demos.inbutech.com\/hg\/wp-json\/wp\/v2\/comments?post=620"}],"wp:featuredmedia":[{"embeddable":true,"href":"https:\/\/demos.inbutech.com\/hg\/wp-json\/wp\/v2\/media\/120"}],"wp:attachment":[{"href":"https:\/\/demos.inbutech.com\/hg\/wp-json\/wp\/v2\/media?parent=620"}],"wp:term":[{"taxonomy":"product_brand","embeddable":true,"href":"https:\/\/demos.inbutech.com\/hg\/wp-json\/wp\/v2\/product_brand?post=620"},{"taxonomy":"product_cat","embeddable":true,"href":"https:\/\/demos.inbutech.com\/hg\/wp-json\/wp\/v2\/product_cat?post=620"},{"taxonomy":"product_tag","embeddable":true,"href":"https:\/\/demos.inbutech.com\/hg\/wp-json\/wp\/v2\/product_tag?post=620"}],"curies":[{"name":"wp","href":"https:\/\/api.w.org\/{rel}","templated":true}]}}