{"id":25,"date":"2024-11-03T18:38:07","date_gmt":"2024-11-03T18:38:07","guid":{"rendered":"https:\/\/demos.inbutech.com\/events\/?page_id=25"},"modified":"2024-11-03T23:09:44","modified_gmt":"2024-11-03T23:09:44","slug":"home","status":"publish","type":"page","link":"https:\/\/demos.inbutech.com\/events\/","title":{"rendered":"Home"},"content":{"rendered":"\t\t<div data-elementor-type=\"wp-page\" data-elementor-id=\"25\" class=\"elementor elementor-25\" data-elementor-post-type=\"page\">\n\t\t\t\t<div class=\"elementor-element elementor-element-1e967a6 e-con-full e-flex e-con e-parent\" data-id=\"1e967a6\" data-element_type=\"container\" data-settings=\"{&quot;background_background&quot;:&quot;video&quot;,&quot;background_video_link&quot;:&quot;https:\\\/\\\/www.youtube.com\\\/embed\\\/7UoP9ABJXGE?controls=0&amp;rel=0&amp;playsinline=1&amp;widget_referrer=https%3A%2F%2Fwp.envatoextensions.com%2Fpreview%2F%3Fcollection%3D123-3-a276e373ffca1f46d9f99d8ab1983df3%26template%3D4bb5c2765314eea646a483b68e31a717&amp;enablejsapi=1&amp;origin=https%3A%2F%2Fwp.envatoextensions.com&amp;widgetid=1\\&quot;&quot;}\">\n\t\t<div class=\"elementor-background-video-container elementor-hidden-mobile\">\n\t\t\t\t\t\t\t<div class=\"elementor-background-video-embed\"><\/div>\n\t\t\t\t\t\t<\/div>\t\t<\/div>\n\t\t<div class=\"elementor-element elementor-element-58fedf5f e-con-full e-flex e-con e-parent\" data-id=\"58fedf5f\" data-element_type=\"container\" id=\"next\">\n\t\t\t\t<div class=\"elementor-element elementor-element-7e04c34 elementor-widget elementor-widget-heading\" data-id=\"7e04c34\" data-element_type=\"widget\" data-widget_type=\"heading.default\">\n\t\t\t\t<div class=\"elementor-widget-container\">\n\t\t\t<h3 class=\"elementor-heading-title elementor-size-default\">Nuestros Servicios<\/h3>\t\t<\/div>\n\t\t\t\t<\/div>\n\t\t\t\t<div class=\"elementor-element elementor-element-16ae6a8d elementor-widget elementor-widget-heading\" data-id=\"16ae6a8d\" data-element_type=\"widget\" data-widget_type=\"heading.default\">\n\t\t\t\t<div class=\"elementor-widget-container\">\n\t\t\t<p class=\"elementor-heading-title elementor-size-default\">Creamos experiencias que tu y tus invitados nunca olvidar\u00e1n.<\/p>\t\t<\/div>\n\t\t\t\t<\/div>\n\t\t<div class=\"elementor-element elementor-element-6be9ab87 e-con-full e-flex e-con e-child\" data-id=\"6be9ab87\" data-element_type=\"container\">\n\t\t<div class=\"elementor-element elementor-element-6688f35d e-con-full e-flex e-con e-child\" data-id=\"6688f35d\" data-element_type=\"container\">\n\t\t\t\t<div class=\"elementor-element elementor-element-2827aa0e elementor-position-top elementor-widget elementor-widget-image-box\" data-id=\"2827aa0e\" data-element_type=\"widget\" data-widget_type=\"image-box.default\">\n\t\t\t\t<div class=\"elementor-widget-container\">\n\t\t\t<div class=\"elementor-image-box-wrapper\"><figure class=\"elementor-image-box-img\"><a href=\"#\" tabindex=\"-1\"><img fetchpriority=\"high\" decoding=\"async\" width=\"683\" height=\"600\" src=\"https:\/\/demos.inbutech.com\/events\/wp-content\/uploads\/2024\/11\/Image_Placeholder-about.jpeg\" class=\"elementor-animation-grow attachment-full size-full wp-image-37\" alt=\"\" srcset=\"https:\/\/demos.inbutech.com\/events\/wp-content\/uploads\/2024\/11\/Image_Placeholder-about.jpeg 683w, https:\/\/demos.inbutech.com\/events\/wp-content\/uploads\/2024\/11\/Image_Placeholder-about-300x264.jpeg 300w, https:\/\/demos.inbutech.com\/events\/wp-content\/uploads\/2024\/11\/Image_Placeholder-about-600x527.jpeg 600w\" sizes=\"(max-width: 683px) 100vw, 683px\" \/><\/a><\/figure><div class=\"elementor-image-box-content\"><h4 class=\"elementor-image-box-title\"><a href=\"#\">Web de Bodas<\/a><\/h4><p class=\"elementor-image-box-description\">Creamos una web espacialmente para tu boda<\/p><\/div><\/div>\t\t<\/div>\n\t\t\t\t<\/div>\n\t\t\t\t<\/div>\n\t\t<div class=\"elementor-element elementor-element-27672f4b e-con-full e-flex e-con e-child\" data-id=\"27672f4b\" data-element_type=\"container\">\n\t\t\t\t<div class=\"elementor-element elementor-element-4f9a0cdf elementor-position-top elementor-widget elementor-widget-image-box\" data-id=\"4f9a0cdf\" data-element_type=\"widget\" data-widget_type=\"image-box.default\">\n\t\t\t\t<div class=\"elementor-widget-container\">\n\t\t\t<div class=\"elementor-image-box-wrapper\"><figure class=\"elementor-image-box-img\"><a href=\"#\" tabindex=\"-1\"><img fetchpriority=\"high\" decoding=\"async\" width=\"683\" height=\"600\" src=\"https:\/\/demos.inbutech.com\/events\/wp-content\/uploads\/2024\/11\/Image_Placeholder-about.jpeg\" class=\"elementor-animation-grow attachment-full size-full wp-image-37\" alt=\"\" srcset=\"https:\/\/demos.inbutech.com\/events\/wp-content\/uploads\/2024\/11\/Image_Placeholder-about.jpeg 683w, https:\/\/demos.inbutech.com\/events\/wp-content\/uploads\/2024\/11\/Image_Placeholder-about-300x264.jpeg 300w, https:\/\/demos.inbutech.com\/events\/wp-content\/uploads\/2024\/11\/Image_Placeholder-about-600x527.jpeg 600w\" sizes=\"(max-width: 683px) 100vw, 683px\" \/><\/a><\/figure><div class=\"elementor-image-box-content\"><h4 class=\"elementor-image-box-title\"><a href=\"#\">Invitaci\u00f3n digital<\/a><\/h4><p class=\"elementor-image-box-description\">Invitaci\u00f3n digital<\/p><\/div><\/div>\t\t<\/div>\n\t\t\t\t<\/div>\n\t\t\t\t<\/div>\n\t\t<div class=\"elementor-element elementor-element-a542104 e-con-full e-flex e-con e-child\" data-id=\"a542104\" data-element_type=\"container\">\n\t\t\t\t<div class=\"elementor-element elementor-element-d5d8f69 elementor-position-top elementor-widget elementor-widget-image-box\" data-id=\"d5d8f69\" data-element_type=\"widget\" data-widget_type=\"image-box.default\">\n\t\t\t\t<div class=\"elementor-widget-container\">\n\t\t\t<div class=\"elementor-image-box-wrapper\"><figure class=\"elementor-image-box-img\"><a href=\"#\" tabindex=\"-1\"><img fetchpriority=\"high\" decoding=\"async\" width=\"683\" height=\"600\" src=\"https:\/\/demos.inbutech.com\/events\/wp-content\/uploads\/2024\/11\/Image_Placeholder-about.jpeg\" class=\"elementor-animation-grow attachment-full size-full wp-image-37\" alt=\"\" srcset=\"https:\/\/demos.inbutech.com\/events\/wp-content\/uploads\/2024\/11\/Image_Placeholder-about.jpeg 683w, https:\/\/demos.inbutech.com\/events\/wp-content\/uploads\/2024\/11\/Image_Placeholder-about-300x264.jpeg 300w, https:\/\/demos.inbutech.com\/events\/wp-content\/uploads\/2024\/11\/Image_Placeholder-about-600x527.jpeg 600w\" sizes=\"(max-width: 683px) 100vw, 683px\" \/><\/a><\/figure><div class=\"elementor-image-box-content\"><h4 class=\"elementor-image-box-title\"><a href=\"#\">Service 3<\/a><\/h4><p class=\"elementor-image-box-description\">A short description of the service and how the visitor will benefit from it.<\/p><\/div><\/div>\t\t<\/div>\n\t\t\t\t<\/div>\n\t\t\t\t<\/div>\n\t\t<div class=\"elementor-element elementor-element-20073d06 e-con-full e-flex e-con e-child\" data-id=\"20073d06\" data-element_type=\"container\">\n\t\t\t\t<div class=\"elementor-element elementor-element-5a5b693f elementor-position-top elementor-widget elementor-widget-image-box\" data-id=\"5a5b693f\" data-element_type=\"widget\" data-widget_type=\"image-box.default\">\n\t\t\t\t<div class=\"elementor-widget-container\">\n\t\t\t<div class=\"elementor-image-box-wrapper\"><figure class=\"elementor-image-box-img\"><a href=\"#\" tabindex=\"-1\"><img fetchpriority=\"high\" decoding=\"async\" width=\"683\" height=\"600\" src=\"https:\/\/demos.inbutech.com\/events\/wp-content\/uploads\/2024\/11\/Image_Placeholder-about.jpeg\" class=\"elementor-animation-grow attachment-full size-full wp-image-37\" alt=\"\" srcset=\"https:\/\/demos.inbutech.com\/events\/wp-content\/uploads\/2024\/11\/Image_Placeholder-about.jpeg 683w, https:\/\/demos.inbutech.com\/events\/wp-content\/uploads\/2024\/11\/Image_Placeholder-about-300x264.jpeg 300w, https:\/\/demos.inbutech.com\/events\/wp-content\/uploads\/2024\/11\/Image_Placeholder-about-600x527.jpeg 600w\" sizes=\"(max-width: 683px) 100vw, 683px\" \/><\/a><\/figure><div class=\"elementor-image-box-content\"><h4 class=\"elementor-image-box-title\"><a href=\"#\">Service 4<\/a><\/h4><p class=\"elementor-image-box-description\">A short description of the service and how the visitor will benefit from it.<\/p><\/div><\/div>\t\t<\/div>\n\t\t\t\t<\/div>\n\t\t\t\t<\/div>\n\t\t\t\t<\/div>\n\t\t\t\t<\/div>\n\t\t<div class=\"elementor-element elementor-element-4d290301 e-con-full e-flex e-con e-parent\" data-id=\"4d290301\" data-element_type=\"container\" data-settings=\"{&quot;background_background&quot;:&quot;classic&quot;}\">\n\t\t\t\t<div class=\"elementor-element elementor-element-280f0b46 elementor-widget elementor-widget-heading\" data-id=\"280f0b46\" data-element_type=\"widget\" data-widget_type=\"heading.default\">\n\t\t\t\t<div class=\"elementor-widget-container\">\n\t\t\t<h3 class=\"elementor-heading-title elementor-size-default\">Por que elegirnos<\/h3>\t\t<\/div>\n\t\t\t\t<\/div>\n\t\t<div class=\"elementor-element elementor-element-5b6a92b7 e-con-full e-flex e-con e-child\" data-id=\"5b6a92b7\" data-element_type=\"container\">\n\t\t\t\t<div class=\"elementor-element elementor-element-43bcc316 elementor-view-stacked elementor-shape-square elementor-widget__width-initial elementor-position-top elementor-mobile-position-top elementor-widget elementor-widget-icon-box\" data-id=\"43bcc316\" data-element_type=\"widget\" data-widget_type=\"icon-box.default\">\n\t\t\t\t<div class=\"elementor-widget-container\">\n\t\t\t\t\t<div class=\"elementor-icon-box-wrapper\">\n\n\t\t\t\t\t\t<div class=\"elementor-icon-box-icon\">\n\t\t\t\t<span  class=\"elementor-icon elementor-animation-shrink\">\n\t\t\t\t<svg xmlns=\"http:\/\/www.w3.org\/2000\/svg\" id=\"fill\" viewBox=\"0 0 64 64\"><rect height=\"54\" style=\"fill:#cfcfd9\" width=\"14\" x=\"44\" y=\"5\"><\/rect><polygon points=\"50 61 6 61 6 3 42 3 50 11 50 61\" style=\"fill:#e5e6eb\"><\/polygon><path d=\"M48,9V23.743A35.257,35.257,0,0,1,12.743,59H6v2H50V11Z\" style=\"fill:#d9dae2\"><\/path><circle cx=\"22\" cy=\"18\" r=\"9\" style=\"fill:#fff\"><\/circle><circle cx=\"22\" cy=\"46\" r=\"9\" style=\"fill:#fff\"><\/circle><path d=\"M23.972,17H20.028A2.028,2.028,0,0,0,18,19.028v7.025a8.921,8.921,0,0,0,8,0V19.028A2.028,2.028,0,0,0,23.972,17Z\" style=\"fill:#027de5\"><\/path><circle cx=\"22\" cy=\"14\" r=\"3\" style=\"fill:#027de5\"><\/circle><rect height=\"2\" style=\"fill:#444\" width=\"4\" x=\"33\" y=\"14\"><\/rect><rect height=\"2\" style=\"fill:#444\" width=\"2\" x=\"39\" y=\"14\"><\/rect><rect height=\"2\" style=\"fill:#444\" width=\"9\" x=\"33\" y=\"18\"><\/rect><rect height=\"2\" style=\"fill:#444\" width=\"11\" x=\"33\" y=\"22\"><\/rect><path d=\"M23.972,45H20.028A2.028,2.028,0,0,0,18,47.028v7.025a8.921,8.921,0,0,0,8,0V47.028A2.028,2.028,0,0,0,23.972,45Z\" style=\"fill:#027de5\"><\/path><circle cx=\"22\" cy=\"42\" r=\"3\" style=\"fill:#027de5\"><\/circle><rect height=\"2\" style=\"fill:#444\" width=\"4\" x=\"33\" y=\"42\"><\/rect><rect height=\"2\" style=\"fill:#444\" width=\"2\" x=\"39\" y=\"42\"><\/rect><rect height=\"2\" style=\"fill:#444\" width=\"9\" x=\"33\" y=\"46\"><\/rect><rect height=\"2\" style=\"fill:#444\" width=\"11\" x=\"33\" y=\"50\"><\/rect><polygon points=\"50 11 42 11 42 3 50 11\" style=\"fill:#cceaff\"><\/polygon><path d=\"M58,4H44.414L42.707,2.293A1,1,0,0,0,42,2H6A1,1,0,0,0,5,3V61a1,1,0,0,0,1,1H50a1,1,0,0,0,1-1V60h7a1,1,0,0,0,1-1V5A1,1,0,0,0,58,4ZM43,5.414,47.586,10H43ZM7,60V4H41v7a1,1,0,0,0,1,1h7V60Zm50-2H51V11a1,1,0,0,0-.293-.707L46.414,6H57Z\"><\/path><\/svg>\t\t\t\t<\/span>\n\t\t\t<\/div>\n\t\t\t\n\t\t\t\t\t\t<div class=\"elementor-icon-box-content\">\n\n\t\t\t\t\t\t\t\t\t<h4 class=\"elementor-icon-box-title\">\n\t\t\t\t\t\t<span  >\n\t\t\t\t\t\t\ten l\u00ednea\t\t\t\t\t\t<\/span>\n\t\t\t\t\t<\/h4>\n\t\t\t\t\n\t\t\t\t\t\t\t\t\t<p class=\"elementor-icon-box-description\">\n\t\t\t\t\t\tConfirmaci\u00f3n en linea de tu lista de invitados\t\t\t\t\t<\/p>\n\t\t\t\t\n\t\t\t<\/div>\n\t\t\t\n\t\t<\/div>\n\t\t\t\t<\/div>\n\t\t\t\t<\/div>\n\t\t\t\t<div class=\"elementor-element elementor-element-4e3c3f64 elementor-view-stacked elementor-shape-square elementor-widget__width-initial elementor-position-top elementor-mobile-position-top elementor-widget elementor-widget-icon-box\" data-id=\"4e3c3f64\" data-element_type=\"widget\" data-widget_type=\"icon-box.default\">\n\t\t\t\t<div class=\"elementor-widget-container\">\n\t\t\t\t\t<div class=\"elementor-icon-box-wrapper\">\n\n\t\t\t\t\t\t<div class=\"elementor-icon-box-icon\">\n\t\t\t\t<span  class=\"elementor-icon elementor-animation-shrink\">\n\t\t\t\t<svg aria-hidden=\"true\" class=\"e-font-icon-svg e-fas-gifts\" viewBox=\"0 0 640 512\" xmlns=\"http:\/\/www.w3.org\/2000\/svg\"><path d=\"M240.6 194.1c1.9-30.8 17.3-61.2 44-79.8C279.4 103.5 268.7 96 256 96h-29.4l30.7-22c7.2-5.1 8.9-15.1 3.7-22.3l-9.3-13c-5.1-7.2-15.1-8.9-22.3-3.7l-32 22.9 11.5-30.6c3.1-8.3-1.1-17.5-9.4-20.6l-15-5.6c-8.3-3.1-17.5 1.1-20.6 9.4l-19.9 53-19.9-53.1C121 2.1 111.8-2.1 103.5 1l-15 5.6C80.2 9.7 76 19 79.2 27.2l11.5 30.6L58.6 35c-7.2-5.1-17.2-3.5-22.3 3.7l-9.3 13c-5.1 7.2-3.5 17.2 3.7 22.3l30.7 22H32c-17.7 0-32 14.3-32 32v352c0 17.7 14.3 32 32 32h168.9c-5.5-9.5-8.9-20.3-8.9-32V256c0-29.9 20.8-55 48.6-61.9zM224 480c0 17.7 14.3 32 32 32h160V384H224v96zm224 32h160c17.7 0 32-14.3 32-32v-96H448v128zm160-288h-20.4c2.6-7.6 4.4-15.5 4.4-23.8 0-35.5-27-72.2-72.1-72.2-48.1 0-75.9 47.7-87.9 75.3-12.1-27.6-39.9-75.3-87.9-75.3-45.1 0-72.1 36.7-72.1 72.2 0 8.3 1.7 16.2 4.4 23.8H256c-17.7 0-32 14.3-32 32v96h192V224h15.3l.7-.2.7.2H448v128h192v-96c0-17.7-14.3-32-32-32zm-272 0c-2.7-1.4-5.1-3-7.2-4.8-7.3-6.4-8.8-13.8-8.8-19 0-9.7 6.4-24.2 24.1-24.2 18.7 0 35.6 27.4 44.5 48H336zm199.2-4.8c-2.1 1.8-4.5 3.4-7.2 4.8h-52.6c8.8-20.3 25.8-48 44.5-48 17.7 0 24.1 14.5 24.1 24.2 0 5.2-1.5 12.6-8.8 19z\"><\/path><\/svg>\t\t\t\t<\/span>\n\t\t\t<\/div>\n\t\t\t\n\t\t\t\t\t\t<div class=\"elementor-icon-box-content\">\n\n\t\t\t\t\t\t\t\t\t<h4 class=\"elementor-icon-box-title\">\n\t\t\t\t\t\t<span  >\n\t\t\t\t\t\t\tLinks\t\t\t\t\t\t<\/span>\n\t\t\t\t\t<\/h4>\n\t\t\t\t\n\t\t\t\t\t\t\t\t\t<p class=\"elementor-icon-box-description\">\n\t\t\t\t\t\tLink directo a tu lista de regalos\t\t\t\t\t<\/p>\n\t\t\t\t\n\t\t\t<\/div>\n\t\t\t\n\t\t<\/div>\n\t\t\t\t<\/div>\n\t\t\t\t<\/div>\n\t\t\t\t<div class=\"elementor-element elementor-element-20fd4765 elementor-view-stacked elementor-shape-square elementor-widget__width-initial elementor-position-top elementor-mobile-position-top elementor-widget elementor-widget-icon-box\" data-id=\"20fd4765\" data-element_type=\"widget\" data-widget_type=\"icon-box.default\">\n\t\t\t\t<div class=\"elementor-widget-container\">\n\t\t\t\t\t<div class=\"elementor-icon-box-wrapper\">\n\n\t\t\t\t\t\t<div class=\"elementor-icon-box-icon\">\n\t\t\t\t<span  class=\"elementor-icon elementor-animation-shrink\">\n\t\t\t\t<svg aria-hidden=\"true\" class=\"e-font-icon-svg e-fas-map-signs\" viewBox=\"0 0 512 512\" xmlns=\"http:\/\/www.w3.org\/2000\/svg\"><path d=\"M507.31 84.69L464 41.37c-6-6-14.14-9.37-22.63-9.37H288V16c0-8.84-7.16-16-16-16h-32c-8.84 0-16 7.16-16 16v16H56c-13.25 0-24 10.75-24 24v80c0 13.25 10.75 24 24 24h385.37c8.49 0 16.62-3.37 22.63-9.37l43.31-43.31c6.25-6.26 6.25-16.38 0-22.63zM224 496c0 8.84 7.16 16 16 16h32c8.84 0 16-7.16 16-16V384h-64v112zm232-272H288v-32h-64v32H70.63c-8.49 0-16.62 3.37-22.63 9.37L4.69 276.69c-6.25 6.25-6.25 16.38 0 22.63L48 342.63c6 6 14.14 9.37 22.63 9.37H456c13.25 0 24-10.75 24-24v-80c0-13.25-10.75-24-24-24z\"><\/path><\/svg>\t\t\t\t<\/span>\n\t\t\t<\/div>\n\t\t\t\n\t\t\t\t\t\t<div class=\"elementor-icon-box-content\">\n\n\t\t\t\t\t\t\t\t\t<h4 class=\"elementor-icon-box-title\">\n\t\t\t\t\t\t<span  >\n\t\t\t\t\t\t\tUbicaci\u00f3n interactiva\t\t\t\t\t\t<\/span>\n\t\t\t\t\t<\/h4>\n\t\t\t\t\n\t\t\t\t\t\t\t\t\t<p class=\"elementor-icon-box-description\">\n\t\t\t\t\t\tComparte los datos de ubicacio\u0301n de la ceremonia y\/o fiesta, con un link directo a Google Maps.\t\t\t\t\t<\/p>\n\t\t\t\t\n\t\t\t<\/div>\n\t\t\t\n\t\t<\/div>\n\t\t\t\t<\/div>\n\t\t\t\t<\/div>\n\t\t\t\t<div class=\"elementor-element elementor-element-5c9f11d5 elementor-view-stacked elementor-shape-square elementor-widget__width-initial elementor-position-top elementor-mobile-position-top elementor-widget elementor-widget-icon-box\" data-id=\"5c9f11d5\" data-element_type=\"widget\" data-widget_type=\"icon-box.default\">\n\t\t\t\t<div class=\"elementor-widget-container\">\n\t\t\t\t\t<div class=\"elementor-icon-box-wrapper\">\n\n\t\t\t\t\t\t<div class=\"elementor-icon-box-icon\">\n\t\t\t\t<span  class=\"elementor-icon elementor-animation-shrink\">\n\t\t\t\t<svg aria-hidden=\"true\" class=\"e-font-icon-svg e-fab-black-tie\" viewBox=\"0 0 448 512\" xmlns=\"http:\/\/www.w3.org\/2000\/svg\"><path d=\"M0 32v448h448V32H0zm316.5 325.2L224 445.9l-92.5-88.7 64.5-184-64.5-86.6h184.9L252 173.2l64.5 184z\"><\/path><\/svg>\t\t\t\t<\/span>\n\t\t\t<\/div>\n\t\t\t\n\t\t\t\t\t\t<div class=\"elementor-icon-box-content\">\n\n\t\t\t\t\t\t\t\t\t<h4 class=\"elementor-icon-box-title\">\n\t\t\t\t\t\t<span  >\n\t\t\t\t\t\t\tDress Code\t\t\t\t\t\t<\/span>\n\t\t\t\t\t<\/h4>\n\t\t\t\t\n\t\t\t\t\t\t\t\t\t<p class=\"elementor-icon-box-description\">\n\t\t\t\t\t\tToda la informaci\u00f3n que necesites entregar, dresscode, hoteles, traslado, contactos, etc.\t\t\t\t\t<\/p>\n\t\t\t\t\n\t\t\t<\/div>\n\t\t\t\n\t\t<\/div>\n\t\t\t\t<\/div>\n\t\t\t\t<\/div>\n\t\t\t\t<\/div>\n\t\t\t\t<\/div>\n\t\t<div class=\"elementor-element elementor-element-1163f851 e-con-full e-flex e-con e-parent\" data-id=\"1163f851\" data-element_type=\"container\">\n\t\t\t\t<div class=\"elementor-element elementor-element-335d9f96 elementor-widget elementor-widget-heading\" data-id=\"335d9f96\" data-element_type=\"widget\" data-widget_type=\"heading.default\">\n\t\t\t\t<div class=\"elementor-widget-container\">\n\t\t\t<h3 class=\"elementor-heading-title elementor-size-default\">Client Testimonials<\/h3>\t\t<\/div>\n\t\t\t\t<\/div>\n\t\t<div class=\"elementor-element elementor-element-2f50f9f5 e-con-full e-flex e-con e-child\" data-id=\"2f50f9f5\" data-element_type=\"container\">\n\t\t<div class=\"elementor-element elementor-element-4f57243c e-con-full e-flex e-con e-child\" data-id=\"4f57243c\" data-element_type=\"container\">\n\t\t\t\t<div class=\"elementor-element elementor-element-73cf9ebe elementor-widget elementor-widget-testimonial\" data-id=\"73cf9ebe\" data-element_type=\"widget\" data-widget_type=\"testimonial.default\">\n\t\t\t\t<div class=\"elementor-widget-container\">\n\t\t\t\t\t<div class=\"elementor-testimonial-wrapper\">\n\t\t\t\t\t\t\t<div class=\"elementor-testimonial-content\">\u201cA testimonial from a client who benefited from your product or service. Testimonials can be a highly effective way of establishing credibility and increasing your company's reputation.\u201d<\/div>\n\t\t\t\n\t\t\t\t\t\t<div class=\"elementor-testimonial-meta elementor-has-image elementor-testimonial-image-position-aside\">\n\t\t\t\t<div class=\"elementor-testimonial-meta-inner\">\n\t\t\t\t\t\t\t\t\t\t\t<div class=\"elementor-testimonial-image\">\n\t\t\t\t\t\t\t<img decoding=\"async\" width=\"63\" height=\"63\" src=\"https:\/\/demos.inbutech.com\/events\/wp-content\/uploads\/2024\/11\/Image-Testemonials.jpeg\" class=\"attachment-full size-full wp-image-38\" alt=\"\" \/>\t\t\t\t\t\t<\/div>\n\t\t\t\t\t\n\t\t\t\t\t\t\t\t\t\t<div class=\"elementor-testimonial-details\">\n\t\t\t\t\t\t\t\t\t\t\t\t\t\t<div class=\"elementor-testimonial-name\">Client Name<\/div>\n\t\t\t\t\t\t\t\t\t\t\t\t\t\t\t\t\t\t\t<\/div>\n\t\t\t\t\t\t\t\t\t<\/div>\n\t\t\t<\/div>\n\t\t\t\t\t<\/div>\n\t\t\t\t<\/div>\n\t\t\t\t<\/div>\n\t\t\t\t<\/div>\n\t\t<div class=\"elementor-element elementor-element-60acc838 e-con-full e-flex e-con e-child\" data-id=\"60acc838\" data-element_type=\"container\">\n\t\t\t\t<div class=\"elementor-element elementor-element-46e880a8 elementor-widget elementor-widget-testimonial\" data-id=\"46e880a8\" data-element_type=\"widget\" data-widget_type=\"testimonial.default\">\n\t\t\t\t<div class=\"elementor-widget-container\">\n\t\t\t\t\t<div class=\"elementor-testimonial-wrapper\">\n\t\t\t\t\t\t\t<div class=\"elementor-testimonial-content\">\u201cA testimonial from a client who benefited from your product or service. Testimonials can be a highly effective way of establishing credibility and increasing your company's reputation.\u201d<\/div>\n\t\t\t\n\t\t\t\t\t\t<div class=\"elementor-testimonial-meta elementor-has-image elementor-testimonial-image-position-aside\">\n\t\t\t\t<div class=\"elementor-testimonial-meta-inner\">\n\t\t\t\t\t\t\t\t\t\t\t<div class=\"elementor-testimonial-image\">\n\t\t\t\t\t\t\t<img decoding=\"async\" width=\"63\" height=\"63\" src=\"https:\/\/demos.inbutech.com\/events\/wp-content\/uploads\/2024\/11\/Image-Testemonials.jpeg\" class=\"attachment-full size-full wp-image-38\" alt=\"\" \/>\t\t\t\t\t\t<\/div>\n\t\t\t\t\t\n\t\t\t\t\t\t\t\t\t\t<div class=\"elementor-testimonial-details\">\n\t\t\t\t\t\t\t\t\t\t\t\t\t\t<div class=\"elementor-testimonial-name\">Client Name<\/div>\n\t\t\t\t\t\t\t\t\t\t\t\t\t\t\t\t\t\t\t<\/div>\n\t\t\t\t\t\t\t\t\t<\/div>\n\t\t\t<\/div>\n\t\t\t\t\t<\/div>\n\t\t\t\t<\/div>\n\t\t\t\t<\/div>\n\t\t\t\t<\/div>\n\t\t<div class=\"elementor-element elementor-element-28fd237 e-con-full e-flex e-con e-child\" data-id=\"28fd237\" data-element_type=\"container\">\n\t\t\t\t<div class=\"elementor-element elementor-element-34ebb683 elementor-widget elementor-widget-testimonial\" data-id=\"34ebb683\" data-element_type=\"widget\" data-widget_type=\"testimonial.default\">\n\t\t\t\t<div class=\"elementor-widget-container\">\n\t\t\t\t\t<div class=\"elementor-testimonial-wrapper\">\n\t\t\t\t\t\t\t<div class=\"elementor-testimonial-content\">\u201cA testimonial from a client who benefited from your product or service. Testimonials can be a highly effective way of establishing credibility and increasing your company's reputation.\u201d<\/div>\n\t\t\t\n\t\t\t\t\t\t<div class=\"elementor-testimonial-meta elementor-has-image elementor-testimonial-image-position-aside\">\n\t\t\t\t<div class=\"elementor-testimonial-meta-inner\">\n\t\t\t\t\t\t\t\t\t\t\t<div class=\"elementor-testimonial-image\">\n\t\t\t\t\t\t\t<img decoding=\"async\" width=\"63\" height=\"63\" src=\"https:\/\/demos.inbutech.com\/events\/wp-content\/uploads\/2024\/11\/Image-Testemonials.jpeg\" class=\"attachment-full size-full wp-image-38\" alt=\"\" \/>\t\t\t\t\t\t<\/div>\n\t\t\t\t\t\n\t\t\t\t\t\t\t\t\t\t<div class=\"elementor-testimonial-details\">\n\t\t\t\t\t\t\t\t\t\t\t\t\t\t<div class=\"elementor-testimonial-name\">Client Name<\/div>\n\t\t\t\t\t\t\t\t\t\t\t\t\t\t\t\t\t\t\t<\/div>\n\t\t\t\t\t\t\t\t\t<\/div>\n\t\t\t<\/div>\n\t\t\t\t\t<\/div>\n\t\t\t\t<\/div>\n\t\t\t\t<\/div>\n\t\t\t\t<\/div>\n\t\t\t\t<\/div>\n\t\t\t\t<\/div>\n\t\t<div class=\"elementor-element elementor-element-336ad31e e-flex e-con-boxed e-con e-parent\" data-id=\"336ad31e\" data-element_type=\"container\">\n\t\t\t\t\t<div class=\"e-con-inner\">\n\t\t\t\t<div class=\"elementor-element elementor-element-4dc937b6 elementor-widget elementor-widget-heading\" data-id=\"4dc937b6\" data-element_type=\"widget\" data-widget_type=\"heading.default\">\n\t\t\t\t<div class=\"elementor-widget-container\">\n\t\t\t<h3 class=\"elementor-heading-title elementor-size-default\">A Title to Turn the Visitor Into a Lead<\/h3>\t\t<\/div>\n\t\t\t\t<\/div>\n\t\t\t\t<div class=\"elementor-element elementor-element-62110058 elementor-widget elementor-widget-text-editor\" data-id=\"62110058\" data-element_type=\"widget\" data-widget_type=\"text-editor.default\">\n\t\t\t\t<div class=\"elementor-widget-container\">\n\t\t\t\t\t\t\tUse this short paragraph to explain how you will deliver this benefit to the visitor if they decide to work with you.\t\t\t\t\t\t<\/div>\n\t\t\t\t<\/div>\n\t\t\t\t<div class=\"elementor-element elementor-element-1e9fb3f3 elementor-align-center elementor-mobile-align-center elementor-widget elementor-widget-button\" data-id=\"1e9fb3f3\" data-element_type=\"widget\" data-widget_type=\"button.default\">\n\t\t\t\t<div class=\"elementor-widget-container\">\n\t\t\t\t\t\t\t\t<a class=\"elementor-button elementor-button-link elementor-size-sm\" href=\"#\">\n\t\t\t\t\t\t<span class=\"elementor-button-content-wrapper\">\n\t\t\t\t\t\t\t\t\t<span class=\"elementor-button-text\">Learn more<\/span>\n\t\t\t\t\t<\/span>\n\t\t\t\t\t<\/a>\n\t\t\t\t\t\t<\/div>\n\t\t\t\t<\/div>\n\t\t\t\t\t<\/div>\n\t\t\t\t<\/div>\n\t\t\t\t<\/div>\n\t\t","protected":false},"excerpt":{"rendered":"<p>Nuestros Servicios Creamos experiencias que tu y tus invitados nunca olvidar\u00e1n. Web de Bodas Creamos una web espacialmente para tu boda Invitaci\u00f3n digital Invitaci\u00f3n digital Service 3 A short description of the service and how the visitor will benefit from it. Service 4 A short description of the service and how the visitor will benefit [&hellip;]<\/p>\n","protected":false},"author":1,"featured_media":0,"parent":0,"menu_order":0,"comment_status":"closed","ping_status":"closed","template":"","meta":{"_acf_changed":false,"footnotes":""},"class_list":["post-25","page","type-page","status-publish","hentry"],"acf":[],"_links":{"self":[{"href":"https:\/\/demos.inbutech.com\/events\/wp-json\/wp\/v2\/pages\/25","targetHints":{"allow":["GET"]}}],"collection":[{"href":"https:\/\/demos.inbutech.com\/events\/wp-json\/wp\/v2\/pages"}],"about":[{"href":"https:\/\/demos.inbutech.com\/events\/wp-json\/wp\/v2\/types\/page"}],"author":[{"embeddable":true,"href":"https:\/\/demos.inbutech.com\/events\/wp-json\/wp\/v2\/users\/1"}],"replies":[{"embeddable":true,"href":"https:\/\/demos.inbutech.com\/events\/wp-json\/wp\/v2\/comments?post=25"}],"version-history":[{"count":10,"href":"https:\/\/demos.inbutech.com\/events\/wp-json\/wp\/v2\/pages\/25\/revisions"}],"predecessor-version":[{"id":46,"href":"https:\/\/demos.inbutech.com\/events\/wp-json\/wp\/v2\/pages\/25\/revisions\/46"}],"wp:attachment":[{"href":"https:\/\/demos.inbutech.com\/events\/wp-json\/wp\/v2\/media?parent=25"}],"curies":[{"name":"wp","href":"https:\/\/api.w.org\/{rel}","templated":true}]}}